{"id":27686,"date":"2026-02-24T07:22:39","date_gmt":"2026-02-24T12:22:39","guid":{"rendered":"https:\/\/chenhua-global.com\/?post_type=product&#038;p=27686"},"modified":"2026-02-24T07:24:10","modified_gmt":"2026-02-24T12:24:10","slug":"truck-wheels-002","status":"publish","type":"product","link":"https:\/\/chenhua-global.com\/index.php\/product\/truck-wheels-002\/","title":{"rendered":"Truck wheels 002"},"content":{"rendered":"<p>&nbsp;<\/p>\n<p>17.5 SERIES<\/p>\n<table>\n<thead>\n<tr>\n<th>Serial No.<\/th>\n<th>Size<\/th>\n<th>Offset<\/th>\n<th>Center Hole<\/th>\n<th>P.C.D<\/th>\n<th>Bolt Hole<\/th>\n<th>Tire<\/th>\n<\/tr>\n<\/thead>\n<tbody>\n<tr>\n<td>1<\/td>\n<td>17.5&#215;6.00<\/td>\n<td>127<\/td>\n<td>\u00d8160<\/td>\n<td>\u00d8205<\/td>\n<td>6-\u00d821<\/td>\n<td>8R17.5<\/td>\n<\/tr>\n<tr>\n<td>2<\/td>\n<td>17.5&#215;6.00<\/td>\n<td>135<\/td>\n<td>\u00d8164<\/td>\n<td>\u00d8222.25<\/td>\n<td>6-\u00d832<\/td>\n<td>8R17.5<\/td>\n<\/tr>\n<tr>\n<td>3<\/td>\n<td>17.5&#215;6.00<\/td>\n<td>135<\/td>\n<td>\u00d8176<\/td>\n<td>\u00d8225<\/td>\n<td>10-\u00d826<\/td>\n<td>8R17.5<\/td>\n<\/tr>\n<tr>\n<td>4<\/td>\n<td>17.5&#215;6.00<\/td>\n<td>118<\/td>\n<td>\u00d8150<\/td>\n<td>\u00d8208<\/td>\n<td>5-\u00d832<\/td>\n<td>8R17.5<\/td>\n<\/tr>\n<tr>\n<td>5<\/td>\n<td>17.5&#215;6.75<\/td>\n<td>135<\/td>\n<td>\u00d8160<\/td>\n<td>\u00d8205<\/td>\n<td>8-\u00d821<\/td>\n<td>9R17.5<\/td>\n<\/tr>\n<tr>\n<td>6<\/td>\n<td>17.5&#215;6.75<\/td>\n<td>127<\/td>\n<td>\u00d8164<\/td>\n<td>\u00d8222.25<\/td>\n<td>6-\u00d832<\/td>\n<td>9R17.5<\/td>\n<\/tr>\n<tr>\n<td>7<\/td>\n<td>17.5&#215;6.75<\/td>\n<td>153<\/td>\n<td>\u00d8176<\/td>\n<td>\u00d8225<\/td>\n<td>10-\u00d826<\/td>\n<td>9R17.5<\/td>\n<\/tr>\n<tr>\n<td>8<\/td>\n<td>17.5&#215;6.75<\/td>\n<td>135<\/td>\n<td>\u00d8176<\/td>\n<td>\u00d8225<\/td>\n<td>10-\u00d826<\/td>\n<td>9R17.5<\/td>\n<\/tr>\n<tr>\n<td>9<\/td>\n<td>17.5&#215;6.75<\/td>\n<td>142<\/td>\n<td>\u00d8221<\/td>\n<td>\u00d8275<\/td>\n<td>8-\u00d824<\/td>\n<td>9R17.5<\/td>\n<\/tr>\n<\/tbody>\n<\/table>\n<p>19.5 SERIES<\/p>\n<table>\n<thead>\n<tr>\n<th>Serial No.<\/th>\n<th>Size<\/th>\n<th>Offset<\/th>\n<th>Center Hole<\/th>\n<th>P.C.D<\/th>\n<th>Bolt Hole<\/th>\n<th>Tire<\/th>\n<\/tr>\n<\/thead>\n<tbody>\n<tr>\n<td>10<\/td>\n<td>19.5&#215;6.00<\/td>\n<td>135<\/td>\n<td>\u00d8164<\/td>\n<td>\u00d8222.25<\/td>\n<td>6-\u00d832<\/td>\n<td>8R19.5<\/td>\n<\/tr>\n<tr>\n<td>11<\/td>\n<td>19.5&#215;6.00<\/td>\n<td>135<\/td>\n<td>\u00d8221<\/td>\n<td>\u00d8275<\/td>\n<td>8-\u00d824<\/td>\n<td>8R19.5<\/td>\n<\/tr>\n<tr>\n<td>12<\/td>\n<td>19.5&#215;6.75<\/td>\n<td>145<\/td>\n<td>\u00d8164<\/td>\n<td>\u00d8222.25<\/td>\n<td>6-\u00d832<\/td>\n<td>9R19.5<\/td>\n<\/tr>\n<tr>\n<td>13<\/td>\n<td>19.5&#215;6.75<\/td>\n<td>145<\/td>\n<td>\u00d8221<\/td>\n<td>\u00d8275<\/td>\n<td>8-\u00d824<\/td>\n<td>9R19.5<\/td>\n<\/tr>\n<tr>\n<td>14<\/td>\n<td>19.5&#215;6.75<\/td>\n<td>152<\/td>\n<td>\u00d8221<\/td>\n<td>\u00d8275<\/td>\n<td>8-\u00d824<\/td>\n<td>9R19.5<\/td>\n<\/tr>\n<tr>\n<td>15<\/td>\n<td>19.5&#215;6.75<\/td>\n<td>140<\/td>\n<td>\u00d8163<\/td>\n<td>\u00d8222.25<\/td>\n<td>6-\u00d832<\/td>\n<td>9R19.5<\/td>\n<\/tr>\n<tr>\n<td>16<\/td>\n<td>19.5&#215;7.50<\/td>\n<td>140<\/td>\n<td>\u00d8214<\/td>\n<td>\u00d8275<\/td>\n<td>8-\u00d832<\/td>\n<td>9R19.5<\/td>\n<\/tr>\n<tr>\n<td>17<\/td>\n<td>19.5&#215;7.50<\/td>\n<td>152<\/td>\n<td>\u00d8221<\/td>\n<td>\u00d8275<\/td>\n<td>8-\u00d824<\/td>\n<td>10R19.5<\/td>\n<\/tr>\n<tr>\n<td>18<\/td>\n<td>19.5&#215;8.25<\/td>\n<td>165<\/td>\n<td>\u00d8176<\/td>\n<td>\u00d8225<\/td>\n<td>10-\u00d826<\/td>\n<td>11R19.5<\/td>\n<\/tr>\n<tr>\n<td>19<\/td>\n<td>19.5&#215;8.25<\/td>\n<td>165<\/td>\n<td>\u00d8221<\/td>\n<td>\u00d8275<\/td>\n<td>8-\u00d824<\/td>\n<td>11R19.5<\/td>\n<\/tr>\n<\/tbody>\n<\/table>\n<p>&nbsp;<\/p>\n<p>22.5 SERIES (Serial 20\u201356)<\/p>\n<p>&nbsp;<\/p>\n<table>\n<thead>\n<tr>\n<th>Serial<\/th>\n<th>Size<\/th>\n<th>Offset<\/th>\n<th>Center Hole<\/th>\n<th>P.C.D<\/th>\n<th>Bolt Hole<\/th>\n<th>Tire<\/th>\n<\/tr>\n<\/thead>\n<tbody>\n<tr>\n<td>20<\/td>\n<td>22.5&#215;6.75<\/td>\n<td>142<\/td>\n<td>\u00d8214<\/td>\n<td>\u00d8275<\/td>\n<td>8-\u00d832<\/td>\n<td>9R22.5<\/td>\n<\/tr>\n<tr>\n<td>21<\/td>\n<td>22.5&#215;6.75<\/td>\n<td>152<\/td>\n<td>\u00d8214<\/td>\n<td>\u00d8275<\/td>\n<td>8-\u00d832<\/td>\n<td>9R22.5<\/td>\n<\/tr>\n<tr>\n<td>22<\/td>\n<td>22.5&#215;6.75<\/td>\n<td>169<\/td>\n<td>\u00d8222<\/td>\n<td>\u00d8285.75<\/td>\n<td>10-\u00d832<\/td>\n<td>9R22.5<\/td>\n<\/tr>\n<tr>\n<td>23<\/td>\n<td>22.5&#215;6.75<\/td>\n<td>145<\/td>\n<td>\u00d8214<\/td>\n<td>\u00d8275<\/td>\n<td>8-\u00d832<\/td>\n<td>9R22.5<\/td>\n<\/tr>\n<tr>\n<td>24<\/td>\n<td>22.5&#215;6.75<\/td>\n<td>145<\/td>\n<td>\u00d8221<\/td>\n<td>\u00d8275<\/td>\n<td>8-\u00d824<\/td>\n<td>9R22.5<\/td>\n<\/tr>\n<tr>\n<td>25<\/td>\n<td>22.5&#215;6.75<\/td>\n<td>145<\/td>\n<td>\u00d8221<\/td>\n<td>\u00d8285<\/td>\n<td>8-\u00d832<\/td>\n<td>9R22.5<\/td>\n<\/tr>\n<tr>\n<td>26<\/td>\n<td>22.5&#215;6.75<\/td>\n<td>145<\/td>\n<td>\u00d8220<\/td>\n<td>\u00d8285<\/td>\n<td>10-\u00d826<\/td>\n<td>9R22.5<\/td>\n<\/tr>\n<tr>\n<td>27<\/td>\n<td>22.5&#215;6.75<\/td>\n<td>145<\/td>\n<td>\u00d8222<\/td>\n<td>\u00d8285.75<\/td>\n<td>10-\u00d832<\/td>\n<td>9R22.5<\/td>\n<\/tr>\n<tr>\n<td>28<\/td>\n<td>22.5&#215;7.50<\/td>\n<td>152<\/td>\n<td>\u00d8220<\/td>\n<td>\u00d8285.75<\/td>\n<td>10-\u00d826<\/td>\n<td>10R22.5<\/td>\n<\/tr>\n<tr>\n<td>29<\/td>\n<td>22.5&#215;7.50<\/td>\n<td>152<\/td>\n<td>\u00d8214<\/td>\n<td>\u00d8275<\/td>\n<td>8-\u00d832<\/td>\n<td>10R22.5<\/td>\n<\/tr>\n<tr>\n<td>30<\/td>\n<td>22.5&#215;7.50<\/td>\n<td>169<\/td>\n<td>\u00d8222<\/td>\n<td>\u00d8285.75<\/td>\n<td>10-\u00d832<\/td>\n<td>10R22.5<\/td>\n<\/tr>\n<tr>\n<td>31<\/td>\n<td>22.5&#215;7.50<\/td>\n<td>169<\/td>\n<td>\u00d8281<\/td>\n<td>\u00d8335<\/td>\n<td>10-\u00d826<\/td>\n<td>10R22.5<\/td>\n<\/tr>\n<tr>\n<td>32<\/td>\n<td>22.5&#215;7.50<\/td>\n<td>60<\/td>\n<td>\u00d8221<\/td>\n<td>\u00d8285<\/td>\n<td>8-\u00d832<\/td>\n<td>10R22.5<\/td>\n<\/tr>\n<tr>\n<td>33<\/td>\n<td>22.5&#215;7.50<\/td>\n<td>152<\/td>\n<td>\u00d8222<\/td>\n<td>\u00d8285.75<\/td>\n<td>10-\u00d832<\/td>\n<td>10R22.5<\/td>\n<\/tr>\n<tr>\n<td>34<\/td>\n<td>22.5&#215;7.50<\/td>\n<td>145<\/td>\n<td>\u00d8214<\/td>\n<td>\u00d8275<\/td>\n<td>8-\u00d832<\/td>\n<td>10R22.5<\/td>\n<\/tr>\n<tr>\n<td>35<\/td>\n<td>22.5&#215;7.50<\/td>\n<td>165<\/td>\n<td>\u00d8221<\/td>\n<td>\u00d8275<\/td>\n<td>8-\u00d824<\/td>\n<td>10R22.5<\/td>\n<\/tr>\n<tr>\n<td>36<\/td>\n<td>22.5&#215;7.50<\/td>\n<td>165<\/td>\n<td>\u00d8214<\/td>\n<td>\u00d8275<\/td>\n<td>8-\u00d832<\/td>\n<td>10R22.5<\/td>\n<\/tr>\n<tr>\n<td>37<\/td>\n<td>22.5&#215;7.50<\/td>\n<td>165<\/td>\n<td>\u00d8221<\/td>\n<td>\u00d8285<\/td>\n<td>8-\u00d832<\/td>\n<td>10R22.5<\/td>\n<\/tr>\n<tr>\n<td>38<\/td>\n<td>22.5&#215;7.50<\/td>\n<td>165<\/td>\n<td>\u00d8220<\/td>\n<td>\u00d8285<\/td>\n<td>10-\u00d826<\/td>\n<td>10R22.5<\/td>\n<\/tr>\n<tr>\n<td>39<\/td>\n<td>22.5&#215;7.50<\/td>\n<td>165<\/td>\n<td>\u00d8281<\/td>\n<td>\u00d8335<\/td>\n<td>10-\u00d826<\/td>\n<td>10R22.5<\/td>\n<\/tr>\n<tr>\n<td>40<\/td>\n<td>22.5&#215;7.50<\/td>\n<td>165<\/td>\n<td>\u00d8281<\/td>\n<td>\u00d8335<\/td>\n<td>10-\u00d826<\/td>\n<td>10R22.5<\/td>\n<\/tr>\n<tr>\n<td>41<\/td>\n<td>22.5&#215;8.25<\/td>\n<td>165<\/td>\n<td>\u00d8222<\/td>\n<td>\u00d8285.75<\/td>\n<td>10-\u00d832<\/td>\n<td>11R22.5<\/td>\n<\/tr>\n<tr>\n<td>42<\/td>\n<td>22.5&#215;8.25<\/td>\n<td>168<\/td>\n<td>\u00d8222<\/td>\n<td>\u00d8285.75<\/td>\n<td>10-\u00d832<\/td>\n<td>11R22.5<\/td>\n<\/tr>\n<tr>\n<td>43<\/td>\n<td>22.5&#215;8.25<\/td>\n<td>169<\/td>\n<td>\u00d8281<\/td>\n<td>\u00d8335<\/td>\n<td>10-\u00d826<\/td>\n<td>11R22.5<\/td>\n<\/tr>\n<tr>\n<td>44<\/td>\n<td>22.5&#215;8.25<\/td>\n<td>165<\/td>\n<td>\u00d8281<\/td>\n<td>\u00d8335<\/td>\n<td>10-\u00d826<\/td>\n<td>11R22.5<\/td>\n<\/tr>\n<tr>\n<td>45<\/td>\n<td>22.5&#215;8.25<\/td>\n<td>169<\/td>\n<td>\u00d8281<\/td>\n<td>\u00d8335<\/td>\n<td>10-\u00d827<\/td>\n<td>11R22.5<\/td>\n<\/tr>\n<tr>\n<td>46<\/td>\n<td>22.5&#215;8.25<\/td>\n<td>165<\/td>\n<td>\u00d8221<\/td>\n<td>\u00d8285<\/td>\n<td>8-\u00d832<\/td>\n<td>11R22.5<\/td>\n<\/tr>\n<tr>\n<td>47<\/td>\n<td>22.5&#215;8.25<\/td>\n<td>168<\/td>\n<td>\u00d8220<\/td>\n<td>\u00d8285<\/td>\n<td>10-\u00d826<\/td>\n<td>11R22.5<\/td>\n<\/tr>\n<tr>\n<td>48<\/td>\n<td>22.5&#215;8.25<\/td>\n<td>165<\/td>\n<td>\u00d8281<\/td>\n<td>\u00d8335<\/td>\n<td>10-\u00d827<\/td>\n<td>11R22.5<\/td>\n<\/tr>\n<tr>\n<td>49<\/td>\n<td>22.5&#215;8.25<\/td>\n<td>171<\/td>\n<td>\u00d8281<\/td>\n<td>\u00d8335<\/td>\n<td>10-\u00d826<\/td>\n<td>11R22.5<\/td>\n<\/tr>\n<tr>\n<td>50<\/td>\n<td>22.5&#215;8.25<\/td>\n<td>166<\/td>\n<td>\u00d8281<\/td>\n<td>\u00d8335<\/td>\n<td>10-\u00d826<\/td>\n<td>11R22.5<\/td>\n<\/tr>\n<tr>\n<td>51<\/td>\n<td>22.5&#215;8.25<\/td>\n<td>165<\/td>\n<td>\u00d8221<\/td>\n<td>\u00d8285<\/td>\n<td>8-\u00d832<\/td>\n<td>11R22.5<\/td>\n<\/tr>\n<tr>\n<td>52<\/td>\n<td>22.5&#215;8.25<\/td>\n<td>165<\/td>\n<td>\u00d8222<\/td>\n<td>\u00d8285.75<\/td>\n<td>10-\u00d832<\/td>\n<td>11R22.5<\/td>\n<\/tr>\n<tr>\n<td>53<\/td>\n<td>22.5&#215;8.25<\/td>\n<td>168<\/td>\n<td>\u00d8220<\/td>\n<td>\u00d8285.75<\/td>\n<td>10-\u00d826<\/td>\n<td>11R22.5<\/td>\n<\/tr>\n<tr>\n<td>54<\/td>\n<td>22.5&#215;8.25<\/td>\n<td>169<\/td>\n<td>\u00d8221<\/td>\n<td>\u00d8275<\/td>\n<td>8-\u00d824<\/td>\n<td>11R22.5<\/td>\n<\/tr>\n<tr>\n<td>55<\/td>\n<td>22.5&#215;8.25<\/td>\n<td>169<\/td>\n<td>\u00d8214<\/td>\n<td>\u00d8275<\/td>\n<td>8-\u00d832<\/td>\n<td>11R22.5<\/td>\n<\/tr>\n<\/tbody>\n<\/table>\n<table>\n<thead>\n<tr>\n<th>Serial<\/th>\n<th>Size<\/th>\n<th>Offset<\/th>\n<th>Center Hole<\/th>\n<th>P.C.D<\/th>\n<th>Bolt Hole<\/th>\n<th>Tire<\/th>\n<\/tr>\n<\/thead>\n<tbody>\n<tr>\n<td>57<\/td>\n<td>22.5&#215;8.25<\/td>\n<td>169<\/td>\n<td>\u00d8221<\/td>\n<td>\u00d8285<\/td>\n<td>8-\u00d832<\/td>\n<td>11R22.5<\/td>\n<\/tr>\n<tr>\n<td>58<\/td>\n<td>22.5&#215;8.25<\/td>\n<td>169<\/td>\n<td>\u00d8220<\/td>\n<td>\u00d8285.75<\/td>\n<td>10-\u00d826<\/td>\n<td>11R22.5<\/td>\n<\/tr>\n<tr>\n<td>59<\/td>\n<td>22.5&#215;8.25<\/td>\n<td>169<\/td>\n<td>\u00d8222<\/td>\n<td>\u00d8285.75<\/td>\n<td>10-\u00d832<\/td>\n<td>11R22.5<\/td>\n<\/tr>\n<tr>\n<td>60<\/td>\n<td>22.5&#215;9.00<\/td>\n<td>165<\/td>\n<td>\u00d8281<\/td>\n<td>\u00d8335<\/td>\n<td>10-\u00d826<\/td>\n<td>12R22.5<\/td>\n<\/tr>\n<tr>\n<td>61<\/td>\n<td>22.5&#215;9.00<\/td>\n<td>175<\/td>\n<td>\u00d8281<\/td>\n<td>\u00d8335<\/td>\n<td>10-\u00d826<\/td>\n<td>12R22.5<\/td>\n<\/tr>\n<tr>\n<td>62<\/td>\n<td>22.5&#215;9.00<\/td>\n<td>175<\/td>\n<td>\u00d8222<\/td>\n<td>\u00d8285.75<\/td>\n<td>10-\u00d832<\/td>\n<td>12R22.5<\/td>\n<\/tr>\n<tr>\n<td>63<\/td>\n<td>22.5&#215;9.00<\/td>\n<td>175<\/td>\n<td>\u00d8281<\/td>\n<td>\u00d8335<\/td>\n<td>10-\u00d827<\/td>\n<td>12R22.5<\/td>\n<\/tr>\n<tr>\n<td>64<\/td>\n<td>22.5&#215;9.00<\/td>\n<td>175<\/td>\n<td>\u00d8221<\/td>\n<td>\u00d8275<\/td>\n<td>8-\u00d824<\/td>\n<td>12R22.5<\/td>\n<\/tr>\n<tr>\n<td>65<\/td>\n<td>22.5&#215;9.00<\/td>\n<td>175<\/td>\n<td>\u00d8214<\/td>\n<td>\u00d8275<\/td>\n<td>8-\u00d832<\/td>\n<td>12R22.5<\/td>\n<\/tr>\n<tr>\n<td>66<\/td>\n<td>22.5&#215;9.00<\/td>\n<td>175<\/td>\n<td>\u00d8221<\/td>\n<td>\u00d8285<\/td>\n<td>8-\u00d832<\/td>\n<td>12R22.5<\/td>\n<\/tr>\n<tr>\n<td>67<\/td>\n<td>22.5&#215;9.00<\/td>\n<td>175<\/td>\n<td>\u00d8220<\/td>\n<td>\u00d8285.75<\/td>\n<td>10-\u00d826<\/td>\n<td>12R22.5<\/td>\n<\/tr>\n<tr>\n<td>68<\/td>\n<td>22.5&#215;9.00<\/td>\n<td>0<\/td>\n<td>\u00d8281<\/td>\n<td>\u00d8335<\/td>\n<td>10-\u00d826<\/td>\n<td>12R22.5<\/td>\n<\/tr>\n<tr>\n<td>69<\/td>\n<td>22.5&#215;9.00<\/td>\n<td>0<\/td>\n<td>\u00d8281<\/td>\n<td>\u00d8335<\/td>\n<td>10-\u00d827<\/td>\n<td>12R22.5<\/td>\n<\/tr>\n<tr>\n<td>70<\/td>\n<td>22.5&#215;9.75<\/td>\n<td>180<\/td>\n<td>\u00d8281<\/td>\n<td>\u00d8335<\/td>\n<td>10-\u00d826<\/td>\n<td>13R22.5<\/td>\n<\/tr>\n<tr>\n<td>71<\/td>\n<td>22.5&#215;9.75<\/td>\n<td>180<\/td>\n<td>\u00d8281<\/td>\n<td>\u00d8335<\/td>\n<td>10-\u00d827<\/td>\n<td>13R22.5<\/td>\n<\/tr>\n<tr>\n<td>72<\/td>\n<td>22.5&#215;11.75<\/td>\n<td>0<\/td>\n<td>\u00d8281<\/td>\n<td>\u00d8335<\/td>\n<td>10-\u00d826<\/td>\n<td>385\/65R22.5<\/td>\n<\/tr>\n<tr>\n<td>73<\/td>\n<td>22.5&#215;11.75<\/td>\n<td>120<\/td>\n<td>\u00d8281<\/td>\n<td>\u00d8335<\/td>\n<td>10-\u00d826<\/td>\n<td>385\/65R22.5<\/td>\n<\/tr>\n<tr>\n<td>74<\/td>\n<td>22.5&#215;11.75<\/td>\n<td>120<\/td>\n<td>\u00d8221<\/td>\n<td>\u00d8275<\/td>\n<td>8-\u00d824<\/td>\n<td>385\/65R22.5<\/td>\n<\/tr>\n<tr>\n<td>75<\/td>\n<td>22.5&#215;11.75<\/td>\n<td>120<\/td>\n<td>\u00d8214<\/td>\n<td>\u00d8275<\/td>\n<td>8-\u00d832<\/td>\n<td>385\/65R22.5<\/td>\n<\/tr>\n<tr>\n<td>76<\/td>\n<td>22.5&#215;11.75<\/td>\n<td>120<\/td>\n<td>\u00d8221<\/td>\n<td>\u00d8285<\/td>\n<td>8-\u00d832<\/td>\n<td>385\/65R22.5<\/td>\n<\/tr>\n<tr>\n<td>77<\/td>\n<td>22.5&#215;11.75<\/td>\n<td>120<\/td>\n<td>\u00d8220<\/td>\n<td>\u00d8285.75<\/td>\n<td>10-\u00d826<\/td>\n<td>385\/65R22.5<\/td>\n<\/tr>\n<tr>\n<td>78<\/td>\n<td>22.5&#215;11.75<\/td>\n<td>120<\/td>\n<td>\u00d8222<\/td>\n<td>\u00d8285.75<\/td>\n<td>10-\u00d832<\/td>\n<td>385\/65R22.5<\/td>\n<\/tr>\n<tr>\n<td>79<\/td>\n<td>22.5&#215;11.75<\/td>\n<td>120<\/td>\n<td>\u00d8281<\/td>\n<td>\u00d8335<\/td>\n<td>10-\u00d827<\/td>\n<td>385\/65R22.5<\/td>\n<\/tr>\n<tr>\n<td>80<\/td>\n<td>22.5&#215;11.75<\/td>\n<td>0<\/td>\n<td>\u00d8281<\/td>\n<td>\u00d8335<\/td>\n<td>10-\u00d827<\/td>\n<td>385\/65R22.5<\/td>\n<\/tr>\n<tr>\n<td>81<\/td>\n<td>22.5&#215;11.75<\/td>\n<td>0<\/td>\n<td>\u00d8281<\/td>\n<td>\u00d8335<\/td>\n<td>10-\u00d826<\/td>\n<td>385\/65R22.5<\/td>\n<\/tr>\n<tr>\n<td>82<\/td>\n<td>22.5&#215;11.75<\/td>\n<td>0<\/td>\n<td>\u00d8281<\/td>\n<td>\u00d8335<\/td>\n<td>10-\u00d827<\/td>\n<td>385\/65R22.5<\/td>\n<\/tr>\n<tr>\n<td>83<\/td>\n<td>22.5&#215;13.00<\/td>\n<td>90<\/td>\n<td>\u00d8281<\/td>\n<td>\u00d8335<\/td>\n<td>10-\u00d826<\/td>\n<td>425\/65R22.5<\/td>\n<\/tr>\n<tr>\n<td>84<\/td>\n<td>22.5&#215;13.00<\/td>\n<td>0<\/td>\n<td>\u00d8281<\/td>\n<td>\u00d8335<\/td>\n<td>10-\u00d826<\/td>\n<td>425\/65R22.5<\/td>\n<\/tr>\n<tr>\n<td>85<\/td>\n<td>22.5&#215;14.00<\/td>\n<td>0<\/td>\n<td>\u00d8281<\/td>\n<td>\u00d8335<\/td>\n<td>10-\u00d826<\/td>\n<td>445\/65R22.5<\/td>\n<\/tr>\n<\/tbody>\n<\/table>\n<p>24.5 SERIES<\/p>\n<table>\n<thead>\n<tr>\n<th>Serial<\/th>\n<th>Size<\/th>\n<th>Offset<\/th>\n<th>Center Hole<\/th>\n<th>P.C.D<\/th>\n<th>Bolt Hole<\/th>\n<th>Tire<\/th>\n<\/tr>\n<\/thead>\n<tbody>\n<tr>\n<td>86<\/td>\n<td>24.5&#215;7.50<\/td>\n<td>165<\/td>\n<td>\u00d8281<\/td>\n<td>\u00d8335<\/td>\n<td>10-\u00d826<\/td>\n<td>10R24.5<\/td>\n<\/tr>\n<tr>\n<td>87<\/td>\n<td>24.5&#215;7.50<\/td>\n<td>165<\/td>\n<td>\u00d8281<\/td>\n<td>\u00d8335<\/td>\n<td>10-\u00d827<\/td>\n<td>10R24.5<\/td>\n<\/tr>\n<tr>\n<td>88<\/td>\n<td>24.5&#215;8.25<\/td>\n<td>168<\/td>\n<td>\u00d8281<\/td>\n<td>\u00d8335<\/td>\n<td>10-\u00d826<\/td>\n<td>11R24.5<\/td>\n<\/tr>\n<tr>\n<td>89<\/td>\n<td>24.5&#215;8.25<\/td>\n<td>168<\/td>\n<td>\u00d8281<\/td>\n<td>\u00d8335<\/td>\n<td>10-\u00d827<\/td>\n<td>11R24.5<\/td>\n<\/tr>\n<tr>\n<td>90<\/td>\n<td>24.5&#215;8.25<\/td>\n<td>168<\/td>\n<td>\u00d8220<\/td>\n<td>\u00d8285.75<\/td>\n<td>10-\u00d826<\/td>\n<td>11R24.5<\/td>\n<\/tr>\n<tr>\n<td>91<\/td>\n<td>24.5&#215;8.25<\/td>\n<td>168<\/td>\n<td>\u00d8222<\/td>\n<td>\u00d8285.75<\/td>\n<td>10-\u00d832<\/td>\n<td>11R24.5<\/td>\n<\/tr>\n<tr>\n<td>92<\/td>\n<td>24.5&#215;9.00<\/td>\n<td>175<\/td>\n<td>\u00d8281<\/td>\n<td>\u00d8335<\/td>\n<td>10-\u00d826<\/td>\n<td>12R24.5<\/td>\n<\/tr>\n<tr>\n<td>93<\/td>\n<td>24.5&#215;9.00<\/td>\n<td>175<\/td>\n<td>\u00d8281<\/td>\n<td>\u00d8335<\/td>\n<td>10-\u00d827<\/td>\n<td>12R24.5<\/td>\n<\/tr>\n<\/tbody>\n<\/table>\n","protected":false},"excerpt":{"rendered":"<p>&nbsp; 17.5 SERIES Serial No. Size Offset Center Hole P.C.D Bolt Hole Tire 1 17.5&#215;6.00 127 \u00d8160 \u00d8205 6-\u00d821 8R17.5 2 17.5&#215;6.00 135 \u00d8164 \u00d8222.25 6-\u00d832 8R17.5..<\/p>\n","protected":false},"featured_media":27687,"comment_status":"closed","ping_status":"closed","template":"","meta":[],"product_brand":[],"product_cat":[69,63],"product_tag":[],"class_list":{"0":"post-27686","1":"product","2":"type-product","3":"status-publish","4":"has-post-thumbnail","6":"product_cat-steel-wheel","7":"product_cat-wheels","9":"first","10":"instock","11":"shipping-taxable","12":"product-type-external"},"_links":{"self":[{"href":"https:\/\/chenhua-global.com\/index.php\/wp-json\/wp\/v2\/product\/27686","targetHints":{"allow":["GET"]}}],"collection":[{"href":"https:\/\/chenhua-global.com\/index.php\/wp-json\/wp\/v2\/product"}],"about":[{"href":"https:\/\/chenhua-global.com\/index.php\/wp-json\/wp\/v2\/types\/product"}],"replies":[{"embeddable":true,"href":"https:\/\/chenhua-global.com\/index.php\/wp-json\/wp\/v2\/comments?post=27686"}],"wp:featuredmedia":[{"embeddable":true,"href":"https:\/\/chenhua-global.com\/index.php\/wp-json\/wp\/v2\/media\/27687"}],"wp:attachment":[{"href":"https:\/\/chenhua-global.com\/index.php\/wp-json\/wp\/v2\/media?parent=27686"}],"wp:term":[{"taxonomy":"product_brand","embeddable":true,"href":"https:\/\/chenhua-global.com\/index.php\/wp-json\/wp\/v2\/product_brand?post=27686"},{"taxonomy":"product_cat","embeddable":true,"href":"https:\/\/chenhua-global.com\/index.php\/wp-json\/wp\/v2\/product_cat?post=27686"},{"taxonomy":"product_tag","embeddable":true,"href":"https:\/\/chenhua-global.com\/index.php\/wp-json\/wp\/v2\/product_tag?post=27686"}],"curies":[{"name":"wp","href":"https:\/\/api.w.org\/{rel}","templated":true}]}}